{"id":137,"date":"2023-04-06T15:00:50","date_gmt":"2023-04-06T20:00:50","guid":{"rendered":"https:\/\/cumberlandhealth.org\/?page_id=137"},"modified":"2025-11-18T17:36:05","modified_gmt":"2025-11-18T23:36:05","slug":"food-safety","status":"publish","type":"page","link":"https:\/\/cumberlandhealth.org\/es\/food-safety\/","title":{"rendered":"Seguridad Alimentaria e Inspecci\u00f3n"},"content":{"rendered":"<h3>Seguridad Alimentaria e Inspecci\u00f3n<\/h3>\n\n\n\n\n\n\n\n\n\n\n\n<p style=\"text-align: center;\">El Programa de Saneamiento de Alimentos tiene por objeto garantizar que los establecimientos de servicio de alimentos funcionen de manera segura e higi\u00e9nica a fin de evitar la contaminaci\u00f3n por agentes infecciosos o materiales t\u00f3xicos. Se expiden permisos a todos los establecimientos de servicios alimentarios del condado, se revisan los planos de las instalaciones nuevas o ampliamente remodeladas, se inspeccionan los establecimientos de forma rutinaria seg\u00fan lo establecido en el c\u00f3digo alimentario vigente y se investigan las quejas de forma oportuna.<\/p>\n\n\n\n\n\n\n\n\n\n\n\n<h4>Food &#038; Drug Recalls<\/h4>\n\n\n<p style=\"text-align: center;\"><strong style=\"font-size:medium;\">Administraci\u00f3n de Drogas y Alimentos de los Estados Unidos (FDA)<\/strong> &#8211; <a href=\"https:\/\/www.fda.gov\/safety\/recalls-market-withdrawals-safety-alerts\" style=\"color: rgb(0, 102, 204);\"><strong>Retiradas del mercado y alertas de seguridad<\/strong><\/a><\/p><p><\/p><p style=\"text-align: center;\"><strong style=\"font-size:medium;\">Servicio de Inspecci\u00f3n y Seguridad Alimentaria del USDA<\/strong> &#8211; <a href=\"https:\/\/www.fsis.usda.gov\/recalls?fbclid=IwAR1ZTzbuMvFqkzthkq1kpKKqPEJmpnuJUgr-8SzpopvrohVZeTwsQexCEa4\" style=\"color: rgb(0, 102, 204);\"><strong>Retiradas y Alertas de salud p\u00fablica<\/strong><\/a><\/p><p> <\/p><p><\/p>\n\n\n\n\n\n\n\n\n\n<h2>Formularios disponibles para descargar:<\/h2>\n\n\n\n\n<strong>Formularios de permiso:<\/strong>\n\nBake Sale Guidelines\nHome Based Kitchen Operation Permit Application\nPlan Review Application\nTemporary Food Permit Application\n\n\n\n<strong>Documentos comerciales de comida casera:<\/strong>\n\nIDPH Cottage Food Business Guide\nCottage Food Business Operation Checklist\nFood Safety Plan for Acidified &#038; Fermented Foods\nCottage Food Business Registration Form\n\n\n\n\n\n\n\n\n\n\n\n\n\n\n\n\n\n\n\n<h4>Temperatura interna m\u00ednima segura al cocinar<\/h4>\n\n\n<p style=\"text-align: center;\"><strong style=\"font-size: large;\">Consulte este cuadro de Foodsafety.gov para asegurarse de que sus alimentos alcancen una temperatura interna segura. Los alimentos poco cocidos pueden provocar intoxicaci\u00f3n alimentaria y otras enfermedades. <\/strong><\/p><br><p style=\"text-align: center;\"><strong style=\"font-size: large;\">O tu puedes&nbsp;<a href=\"https:\/\/cumberlandhealth.org\/wp-content\/uploads\/2023\/06\/Cook_to_a_Safe_Minimum_Internal_Temperature-Spanish.pdf\" style=\"color: rgb(0, 102, 204);\"><span style=\"padding: 1px 5px;\">\u00a0descargar&nbsp;<\/a><\/span>&nbsp;el gr\u00e1fico en PDF<\/strong><\/p>","protected":false},"excerpt":{"rendered":"","protected":false},"author":2,"featured_media":0,"parent":0,"menu_order":0,"comment_status":"closed","ping_status":"closed","template":"","meta":{"pagelayer_contact_templates":[],"_pagelayer_content":"","footnotes":""},"class_list":["post-137","page","type-page","status-publish","hentry"],"_links":{"self":[{"href":"https:\/\/cumberlandhealth.org\/es\/wp-json\/wp\/v2\/pages\/137","targetHints":{"allow":["GET"]}}],"collection":[{"href":"https:\/\/cumberlandhealth.org\/es\/wp-json\/wp\/v2\/pages"}],"about":[{"href":"https:\/\/cumberlandhealth.org\/es\/wp-json\/wp\/v2\/types\/page"}],"author":[{"embeddable":true,"href":"https:\/\/cumberlandhealth.org\/es\/wp-json\/wp\/v2\/users\/2"}],"replies":[{"embeddable":true,"href":"https:\/\/cumberlandhealth.org\/es\/wp-json\/wp\/v2\/comments?post=137"}],"version-history":[{"count":81,"href":"https:\/\/cumberlandhealth.org\/es\/wp-json\/wp\/v2\/pages\/137\/revisions"}],"predecessor-version":[{"id":2798,"href":"https:\/\/cumberlandhealth.org\/es\/wp-json\/wp\/v2\/pages\/137\/revisions\/2798"}],"wp:attachment":[{"href":"https:\/\/cumberlandhealth.org\/es\/wp-json\/wp\/v2\/media?parent=137"}],"curies":[{"name":"wp","href":"https:\/\/api.w.org\/{rel}","templated":true}]}}