{"id":198,"date":"2023-04-10T09:49:10","date_gmt":"2023-04-10T14:49:10","guid":{"rendered":"https:\/\/cumberlandhealth.org\/?page_id=198"},"modified":"2025-08-19T16:49:12","modified_gmt":"2025-08-19T21:49:12","slug":"water-supply","status":"publish","type":"page","link":"https:\/\/cumberlandhealth.org\/es\/water-supply\/","title":{"rendered":"Seguridad e Inspecci\u00f3n del Suministro de Agua"},"content":{"rendered":"<h2>Seguridad e Inspecci\u00f3n del Suministro de Agua<\/h2>\n\n\n\n\n\n\n\n\n\n\n\n<h5>Programa de Pozo Privado<\/h5>\n<p><br><\/p>\n<p>En Illinois, los pozos de agua privados y los pozos geot\u00e9rmicos de circuito cerrado deben ser construidos o renovados por un contratista de pozos con licencia del Departamento de Salud P\u00fablica de Illinois. Antes de que se pueda comenzar a trabajar en los pozos del condado de Cumberland, se debe obtener un permiso de construcci\u00f3n en nuestra oficina. Los contratistas deben completar una solicitud y enviarla para su aprobaci\u00f3n junto con la tarifa del permiso correspondiente. Despu\u00e9s de la aprobaci\u00f3n de la solicitud, los contratistas deben avisar a nuestra oficina con un m\u00ednimo de 48 horas de anticipaci\u00f3n antes de comenzar a trabajar en un pozo. Nuestro personal realizar\u00e1 inspecciones para determinar que los pozos se hayan instalado de acuerdo con el c\u00f3digo.<\/p>\n\n\n<h5>Sellado de Pozos Abandonados<\/h5>\n<p><br><\/p>\nSe debe obtener un permiso y un pozo abandonado solo puede ser sellado por un perforador de pozos autorizado o por el propietario. Comun\u00edquese con el Departamento de Salud del Condado de Cumberland si tiene preguntas sobre c\u00f3mo sellar un pozo abandonado. No hay costo por un permiso para sellar un pozo abandonado.<br><br>\nVisite la hoja informativa sobre pozos abandonados del IDPH:<br> <a href=\"http:\/\/www.idph.state.il.us\/envhealth\/factsheets\/abndwlsFS.htm\" style=\"color: rgb(0, 102, 204);\"><strong>http:\/\/www.idph.state.il.us\/envhealth\/factsheets<\/strong<\/a>","protected":false},"excerpt":{"rendered":"","protected":false},"author":2,"featured_media":0,"parent":0,"menu_order":0,"comment_status":"closed","ping_status":"closed","template":"","meta":{"pagelayer_contact_templates":[],"_pagelayer_content":"","footnotes":""},"class_list":["post-198","page","type-page","status-publish","hentry"],"_links":{"self":[{"href":"https:\/\/cumberlandhealth.org\/es\/wp-json\/wp\/v2\/pages\/198","targetHints":{"allow":["GET"]}}],"collection":[{"href":"https:\/\/cumberlandhealth.org\/es\/wp-json\/wp\/v2\/pages"}],"about":[{"href":"https:\/\/cumberlandhealth.org\/es\/wp-json\/wp\/v2\/types\/page"}],"author":[{"embeddable":true,"href":"https:\/\/cumberlandhealth.org\/es\/wp-json\/wp\/v2\/users\/2"}],"replies":[{"embeddable":true,"href":"https:\/\/cumberlandhealth.org\/es\/wp-json\/wp\/v2\/comments?post=198"}],"version-history":[{"count":20,"href":"https:\/\/cumberlandhealth.org\/es\/wp-json\/wp\/v2\/pages\/198\/revisions"}],"predecessor-version":[{"id":2582,"href":"https:\/\/cumberlandhealth.org\/es\/wp-json\/wp\/v2\/pages\/198\/revisions\/2582"}],"wp:attachment":[{"href":"https:\/\/cumberlandhealth.org\/es\/wp-json\/wp\/v2\/media?parent=198"}],"curies":[{"name":"wp","href":"https:\/\/api.w.org\/{rel}","templated":true}]}}