{"id":40,"date":"2023-04-06T11:10:42","date_gmt":"2023-04-06T16:10:42","guid":{"rendered":"https:\/\/cumberlandhealth.org\/our-mission\/"},"modified":"2023-07-18T10:36:02","modified_gmt":"2023-07-18T15:36:02","slug":"environmental-health","status":"publish","type":"page","link":"https:\/\/cumberlandhealth.org\/es\/environmental-health\/","title":{"rendered":"Salud Ambiental"},"content":{"rendered":"<h3>Salud Ambiental<\/h3>\n\n\n\n\n\n\n\n\n\n\n\n\n\n<h5>Food Safety  &#038; Inspection<\/h5>\n\n\n<p style=\"text-align: center;\">El Departamento de Salud del Condado de Cumberland emite permisos de operaci\u00f3n e inspecciona los establecimientos de alimentos, incluidos\nvendedores temporales de alimentos. CCHD tambi\u00e9n brinda educaci\u00f3n al p\u00fablico sobre el manejo, preparaci\u00f3n y almacenamiento seguro de alimentos.<\/p>\n\n\n\n\n<h5>Sistema s\u00e9ptico<br> Safety &#038; Inspection<\/h5>\n\n\n<p style=\"text-align: center;\">CCHD emite permisos de construcci\u00f3n y realiza inspecciones para garantizar\ninstalaci\u00f3n y reparaci\u00f3n adecuadas de sistemas de eliminaci\u00f3n de aguas residuales de propiedad privada.<\/p>\n\n\n\n\n<h5>Sistema de agua<br> Seguridad e inspecci\u00f3n<\/h5>\n\n\n<p style=\"text-align: center;\">CCHD emite permisos de construcci\u00f3n y realiza inspecciones para garantizar\ncorrecta instalaci\u00f3n y reparaci\u00f3n de pozos de agua de propiedad privada. Tambi\u00e9n se inspeccionan los sistemas de agua no comunitarios. CCHD recoge pozo de agua\nmuestras para analizar en el laboratorio del IDPH. Los residentes pueden recolectar su muestra y CCHD enviar\u00e1 su agua para an\u00e1lisis.<\/p>","protected":false},"excerpt":{"rendered":"","protected":false},"author":2,"featured_media":0,"parent":0,"menu_order":0,"comment_status":"closed","ping_status":"closed","template":"","meta":{"pagelayer_contact_templates":[],"_pagelayer_content":"","footnotes":""},"class_list":["post-40","page","type-page","status-publish","hentry"],"_links":{"self":[{"href":"https:\/\/cumberlandhealth.org\/es\/wp-json\/wp\/v2\/pages\/40","targetHints":{"allow":["GET"]}}],"collection":[{"href":"https:\/\/cumberlandhealth.org\/es\/wp-json\/wp\/v2\/pages"}],"about":[{"href":"https:\/\/cumberlandhealth.org\/es\/wp-json\/wp\/v2\/types\/page"}],"author":[{"embeddable":true,"href":"https:\/\/cumberlandhealth.org\/es\/wp-json\/wp\/v2\/users\/2"}],"replies":[{"embeddable":true,"href":"https:\/\/cumberlandhealth.org\/es\/wp-json\/wp\/v2\/comments?post=40"}],"version-history":[{"count":75,"href":"https:\/\/cumberlandhealth.org\/es\/wp-json\/wp\/v2\/pages\/40\/revisions"}],"predecessor-version":[{"id":1130,"href":"https:\/\/cumberlandhealth.org\/es\/wp-json\/wp\/v2\/pages\/40\/revisions\/1130"}],"wp:attachment":[{"href":"https:\/\/cumberlandhealth.org\/es\/wp-json\/wp\/v2\/media?parent=40"}],"curies":[{"name":"wp","href":"https:\/\/api.w.org\/{rel}","templated":true}]}}