{"id":42,"date":"2023-04-06T09:34:42","date_gmt":"2023-04-06T14:34:42","guid":{"rendered":"https:\/\/cumberlandhealth.org\/home\/"},"modified":"2026-04-27T17:53:47","modified_gmt":"2026-04-27T22:53:47","slug":"home","status":"publish","type":"page","link":"https:\/\/cumberlandhealth.org\/es\/","title":{"rendered":"Inicio"},"content":{"rendered":"<h2 style=\"color: rgb(230, 0, 0);\">CIERRE POR CLIMA<\/h2>\n<h4>La oficina de CCHD permanecer\u00e1 cerrada el lunes 26 de enero debido a las condiciones meteorol\u00f3gicas.&nbsp;&nbsp;<\/h4>\n\n\n\n\n<h2 style=\"color: rgb(230, 0, 0);\">HORARIO DIA FESTIVO<\/h2><h4>The CCHD office will be closed on Monday, Feb 16th in observance of President&#8217;s Day<\/h4>\n\n\n\n\n<h2 style=\"color: rgb(230, 0, 0);\">BOIL ORDER UPDATE &#8211; 12\/12\/24<\/h2>\n<h4><\/h4>\n\n\n<h5 style=\"text-align:center;\"><span style=\"font-size:x-large;\">12\/12 7:35 am &#8211; The boil order for Greenup has been lifted. <\/span><\/p><p style=\"text-align:center; font-size:x-large;\"><span style=\"color: rgb(230, 0, 0);\"><\/span><\/h5><p><\/p><p><\/p>\n\n\n\n\n<p style=\"text-align:center;\"><span style=\"font-size:x-large;\">La ciudad de Neoga est\u00e1 sujeta a una orden de hervir el agua hasta nuevo aviso. Las actualizaciones se publicar\u00e1n aqu\u00ed tan pronto como est\u00e9n disponibles.<\/span><\/p><br>\n\n\n\n\n\n\n\n<p><br><\/p><span style=\"font-size:large;\">La misi\u00f3n del Departamento de Salud del Condado de Cumberland (CCHD) es ayudar a los residentes del condado, de todas las edades,\ncon el desarrollo y mantenimiento de h\u00e1bitos de vida saludables a trav\u00e9s de programas basados en la evaluaci\u00f3n de\nsu necesidades. Al mirar hacia el 2023 y m\u00e1s all\u00e1, CCHD se ha comprometido a llegar a todos los residentes, ofreciendo\nprogramas preventivos, de detecci\u00f3n, mantenimiento y seguridad que est\u00e9n disponibles, sean accesibles y asequibles. Manteniendo\nprudencia financiera en mente, creceremos y expandiremos servicios basados en las necesidades de la comunidad y\ncolaboraremos con otros proveedores que compartan nuestros objetivos y visi\u00f3n.<\/span>\n\n\n\n\n\n\n\n\n\n<h2 style=\"color: rgb(230, 0, 0);\">RECALL ALERT  &#8211; 4\/27\/26<\/h2>\n<h4>Retiran del mercado una mezcla de frutos secos debido a al\u00e9rgenos no declarados.<\/h4>\n\n\n\n<p style=\"text-align:center;\"><span style=\"font-size:x-large;\">Ferris Coffee &#038; Nut Co. of Grand Rapids, MI, is recalling a single lot of Frederik\u2019s by Meijer Vanilla Bourbon Trail Mix because it may contain undeclared wheat and soy. People who have an allergy or severe sensitivity to wheat or soy run the risk of serious or life-threatening allergic reaction if they consume these products.\n<\/span><\/p><p><br><\/p>\n\n<p style=\"text-align:center;\"><span style=\"font-size:x-large;\">Las bolsas retiradas del mercado de la mezcla *Vanilla Bourbon Trail Mix* de Frederik\u2019s by Meijer se distribuyeron en las tiendas minoristas de Meijer en Michigan, Indiana, Ohio, Illinois, Wisconsin y Kentucky.\n\nEl producto se presenta en una bolsa negra de 9 onzas, marcada con el n.\u00ba de lote 6069-1 en la parte posterior y con una fecha de vencimiento del 12\/10\/26 impresa en la parte posterior.\n\n<\/span><\/p>\n\n\n\n\n<p style=\"text-align:center;\"><span style=\"font-size:x-large;\">The recall was initiated after it was discovered that the wheat and soy-containing chocolate-covered pretzel balls were distributed in packaging that did not reveal the presence of wheat or soy, instead of the listed bourbon-flavored caramels. Subsequent investigation indicates the problem was caused by a temporary breakdown in the production and packaging processes at Ferris Coffee &#038; Nut Co. <br><br>\nLa producci\u00f3n del producto ha sido suspendida hasta que la FDA y la empresa tengan la certeza de que el problema ha sido corregido.   \n<\/span><\/p><br>\n\n<p style=\"text-align:center;\"><span style=\"font-size:x-large;\">Hasta el momento no se han reportado enfermedades relacionadas con este problema.\n<\/span><\/p><br>\n\n<h6 style=\"text-align:center;\">Puede leer el art\u00edculo original en el sitio web de Food Safety News.<\/h6><p><\/p><h6 style=\"text-align:center;\">\n<a href=\"https:\/\/www.foodsafetynews.com\/2026\/04\/trail-mix-recalled-because-of-undeclared-allergens\/?ref=fsn-weekly-newsletter&#038;fbclid=IwY2xjawRcxN5leHRuA2FlbQIxMQBzcnRjBmFwcF9pZBAyMjIwMzkxNzg4MjAwODkyAAEe3m1o2ETs_gqkCzIn4QXWoMnkzNiY-arMY8nb-x1M3cFipR8H2kLAfy4_I-I_aem_9cPSpJ01Et8tecPZbgg03Q\" style=\"color: rgb(0, 102, 204);\">https:\/\/www.foodsafetynews.com<\/a><br><\/h6>\n\n\n\n\n\n\n\n<h2>D\u00eda Nacional de Recolecci\u00f3n de Medicamentos<\/h2>\n\n\n\n\n\n\n\n\n\n\n\n\n\n\n<h2>Actualizaci\u00f3n del programa SNAP de Illinois<\/h2>\n\n\n\n\n\n<p style=\"text-align:center; font-size:x-large;\"><strong >Tras una orden judicial emitida hoy, el gobierno federal financiar\u00e1 solo la mitad de los beneficios del programa SNAP en noviembre. La decisi\u00f3n del gobierno federal de reducir los beneficios complicar\u00e1 considerablemente la distribuci\u00f3n de los fondos por parte de los estados, lo que retrasar\u00e1 la entrega de los beneficios de SNAP de noviembre a los hogares durante d\u00edas o semanas.\nLos beneficios restantes en las tarjetas de meses anteriores a\u00fan se pueden utilizar, pero los nuevos beneficios ser\u00e1n menores que en meses anteriores y su entrega se ver\u00e1 retrasada por el gobierno federal. <br><br>\nEl IDHS est\u00e1 estudiando c\u00f3mo funcionar\u00e1n los pagos en Illinois y mantendr\u00e1 a los clientes informados sobre esta situaci\u00f3n en constante evoluci\u00f3n.\nPuede encontrar informaci\u00f3n sobre SNAP y recursos alimentarios aqu\u00ed: <a href=\"https:\/\/www.dhs.state.il.us\/?item=174038\" style=\"color: rgb(0, 102, 204);\">snapfederalimpact.illinois.gov\n\n\n\n\n\n\n<h2>Concientizaci\u00f3n sobre las garrapatas<\/h2>\n\n\n<p style=\"text-align:center; font-size:large;\"><strong >Las garrapatas est\u00e1n activas en Illinois y no son exigentes con el lugar donde pican. \ud83d\udc40 <br> Si pasa tiempo al aire libre haciendo senderismo, jardiner\u00eda o recolectando hongos, unas pocas precauciones sencillas pueden ayudar a prevenir las picaduras de garrapata y reducir su riesgo de contraer enfermedades como la enfermedad de Lyme y el s\u00edndrome alfa-gal.<\/strong><\/p>\n\n<p style=\"text-align:center; font-size:large;\"><strong >Las garrapatas est\u00e1n activas en Illinois y no son exigentes con el lugar donde pican. \ud83d\udc40 <br> Si pasa tiempo al aire libre haciendo senderismo, jardiner\u00eda o recolectando hongos, unas pocas precauciones sencillas pueden ayudar a prevenir las picaduras de garrapata y reducir su riesgo de contraer enfermedades como la enfermedad de Lyme y el s\u00edndrome alfa-gal.<\/strong><\/p>\n\n\n\n\n<strong>Utilice repelente de insectos con DEET o picaridina.\n<strong>Usa ropa de colores claros y mete los pantalones dentro de los calcetines.\n<strong>Camina por el centro de los senderos y evita la hierba alta.<\/strong>\n<strong>Rev\u00edsate a ti mismo, a tus hijos y a tus mascotas en busca de garrapatas a diario.\n<strong>D\u00fachate despu\u00e9s de pasar tiempo al aire libre.\n\n\n<p style=\"text-align:center; font-size:large;\"><strong >Si encuentra una garrapata, ret\u00edrela r\u00e1pidamente y est\u00e9 atento a s\u00edntomas como erupci\u00f3n cut\u00e1nea o fiebre. Comun\u00edquese con su m\u00e9dico si presenta alguna enfermedad inexplicable despu\u00e9s de una picadura de garrapata.<\/strong><\/p>\n\n\n\n\n\n\n\n\n\n\n\n\n\n\n\n\n<h2>Comunicado de prensa del IDPH<\/h2>\n<h5>El Departamento de Salud P\u00fablica de Illinois emite un recordatorio sobre los posibles peligros del consumo de leche cruda. <\/h5>\n<p style=\"font-size:large; text-align:center\";><em><strong>Al menos once casos recientes de enfermedades est\u00e1n relacionados con el consumo de leche no pasteurizada. <\/em><\/strong><br><\/p>\n<p>SPRINGFIELD \u2013 El Departamento de Salud P\u00fablica de Illinois (IDPH) emite un recordatorio general al p\u00fablico sobre los peligros potenciales del consumo de leche cruda, despu\u00e9s de que al menos once personas enfermaran recientemente tras consumir este tipo de productos. Si bien la mayor\u00eda de los productos l\u00e1cteos que se venden en el estado est\u00e1n pasteurizados, lo que significa que han sido tratados con calor para eliminar virus, g\u00e9rmenes y otras sustancias que pueden causar enfermedades, la leche cruda es leche que no ha sido pasteurizada, lo que aumenta la probabilidad de que sea una fuente de enfermedades transmitidas por los alimentos.<\/p><br>\n\n<p> \u201cLa pasteurizaci\u00f3n es uno de los mayores logros en materia de salud p\u00fablica del siglo pasado\u201d, declar\u00f3 el Dr. Sameer Vohra, director del Departamento de Salud P\u00fablica de Illinois (IDPH). \u201cContribuye a que la leche y los productos l\u00e1cteos sean seguros para el consumo de todos. La leche cruda no pasa por este importante proceso y puede contener g\u00e9rmenes peligrosos que pueden causar enfermedades graves, especialmente en ni\u00f1os peque\u00f1os, personas mayores y personas con afecciones m\u00e9dicas cr\u00f3nicas. Para garantizar la seguridad de todos en Illinois, recomendamos a la poblaci\u00f3n que act\u00fae con precauci\u00f3n y lo piense bien antes de consumir leche cruda\u201d.<\/p><br>\n\n<p> El Departamento de Salud P\u00fablica de Illinois (IDPH) ha identificado hasta el momento un brote de once casos de infecci\u00f3n por Campylobacter que parecen estar relacionados con el consumo de leche cruda de una misma fuente; el productor est\u00e1 tomando medidas para notificar a sus clientes y est\u00e1 cooperando con la investigaci\u00f3n. Campylobacter es una bacteria que puede causar diarrea (que puede ser con sangre), fiebre y calambres estomacales. En casos m\u00e1s graves, la infecci\u00f3n puede provocar s\u00edndrome del intestino irritable, artritis y s\u00edndrome de Guillain-Barr\u00e9. El IDPH recomienda que cualquier persona que haya consumido leche cruda y comience a presentar estos s\u00edntomas se comunique con su m\u00e9dico.<\/p><br>\n\n<p> Las normas de Illinois sobre la leche cruda exigen pruebas de temperatura, antibi\u00f3ticos y ciertos indicadores que podr\u00edan se\u00f1alar una infecci\u00f3n en el producto. Sin embargo, no se requieren pruebas espec\u00edficas para detectar pat\u00f3genos como Campylobacter u otros agentes causantes de enfermedades como E. coli o salmonela. <\/p><br>\n\n<p>  El IDPH recomienda las siguientes precauciones para evitar enfermedades asociadas al consumo de leche:<br><\/p><br>\n\n\n<p style=\"text-align:center;\"><strong>&bull;<\/strong> Utilice leche y productos l\u00e1cteos pasteurizados.<\/p>\n<p style=\"text-align:center;\"><strong>&bull;<\/strong> Refrigerate perishable foods at 40\u00b0F or colder to slow bacterial growth. Never leave perishable food out for more than two hours &#8212; or one hour if exposed to temperatures above 90\u00b0F, like in a hot car or at a picnic.<\/p>\n<p style=\"text-align:center;\"><strong>&bull;<\/strong>  Deseche los alimentos caducados o en mal estado. <strong>Ante la duda, t\u00edralo.<\/strong><\/p><br>\n<p>Para obtener m\u00e1s informaci\u00f3n sobre la leche cruda y sus posibles peligros, visite <strong><a href=\"https:\/\/dph.illinois.gov\/topics-services\/diseases-and-conditions\/respiratory-disease\/diseases\/influenza\/h5n1\/raw-milk.html\" style=\"color: rgb(0, 102, 204);\">Raw Milk and Your Health.<\/a><\/p><br>\n\n\n\n\n<h2>\u00a1Lucha contra la mordedura!<\/h2>\n\n\n\n\n\n<h6 style=\"text-align:center;\"><strong >Todav\u00eda hay garrapatas, tenga cuidado y revise si tiene garrapatas.<\/strong><\/h6><br>\n\n<p style=\"text-align:center; font-size:large;\"><strong >Risk of severe illness and complications from West Nile virus increase with age. Protect yourself and your loved ones: use EPA-registered insect repellent and take other steps to prevent mosquito bites.<br>\nConsulta los consejos de esta publicaci\u00f3n para ayudarte a decir adi\u00f3s a las garrapatas esta temporada.<\/strong><\/p><br>\n<h6 style=\"text-align:center;\">Aprende m\u00e1s: \n<p style=\"font-size:x-large;\"><a href=\"https:\/\/www.cdc.gov\/west-nile-virus\/prevention\/index.html\" style=\"color: rgb(0, 102, 204);\">Preventing West Nile &#8211; CDC<\/a><\/h6>\n\n<p style=\"font-size:large; text-align:center;\"><a href=\"https:\/\/www.facebook.com\/hashtag\/fightthebite\" style=\"color: rgb(0, 102, 204);\">#FightTheBite<\/a>\n<a href=\"https:\/\/www.facebook.com\/hashtag\/fightthebitefriday\" style=\"color: rgb(0, 102, 204);\">#FightTheBiteFriday<\/a>\n\n\n\n\n\n\n\n\n\n\n\n<h2>Prevenci\u00f3n de las picaduras de mosquitos<\/h2>\n\n\n\n\n\n<h5 style=\"text-align:center;\"><strong style=\"color: rgb(255, 153, 0);\">Evite las picaduras de mosquitos utilizando repelente, usando ropa adecuada y controlando los mosquitos.<\/strong><\/h5><br><h6 style=\"text-align:center;\">\n<p><a href=\"https:\/\/www.cdc.gov\/mosquitoes\/prevention\/?fbclid=IwY2xjawLGpttleHRuA2FlbQIxMQBicmlkETFFUjJOZ0g5eUtvVDJGWWxMAR7ktd5jxP8SEwGKC2k02lJtNV_27ku6YfnZcHZuW82a0VZ5zNMQ-iuoV27uUQ_aem_idejrlPcOywIhDV3BD62iw\" style=\"color: rgb(0, 102, 204);\">Haga clic aqu\u00ed para obtener m\u00e1s consejos sobre la prevenci\u00f3n de picaduras de los CDC.<\/a>\n\n\n\n\n\n\n\n\n\n\n\n\n\n\n\n\n<h3 style=\"text-align:center;\"><strong style=\"color:#008a00;\">Navidad comunitaria en un solo lugar<\/strong><\/h3><\/span><br><h5 style=\"text-align:center;\">\nNov 1st &#8211; Dec 1st 2024<\/p><\/h5><br>\n\n\n<p style=\"text-align:center; font-size:large;\"><strong>\u00danase a nosotros para brindar libros nuevos a ni\u00f1os, desde reci\u00e9n nacidos hasta los dieciocho a\u00f1os, en los condados de Clark, Coles, Cumberland, Douglas, Edgar, Moultrie y Shelby. Esta es una gran oportunidad para donar en esta temporada y compartir sus libros favoritos con los ni\u00f1os de toda nuestra regi\u00f3n.\n<\/strong><\/p><br>\n\n\n<p style=\"text-align:center; font-size:x-large;\"><strong>  Puede encontrar m\u00e1s detalles sobre One Stop Community Christmas <a href=\"https:\/\/cumberlandhealth.org\/wp-content\/uploads\/2024\/11\/One-Stop-Community-Christmas-2024-Info.pdf\" style=\"color: rgb(0, 102, 204);\">aqu\u00ed<\/a> <\/strong><\/p><br>\n<br>\n\n\n\n\n\n\n\n\n\n\n\n\n\n\n\n\n\n\n\n\n\n\n\n\n\n\n\n\n\n\n\n\n\n\n\n\n\n\n<h4>IDPH advierte al p\u00fablico que tenga cuidado con los murci\u00e9lagos rabiosos<\/h4>\n\n\n<p style=\"text-align:center;\"><span style=\"font-size:large;\">Over two dozen cases of rabies have been verified in bats across 14 Illinois counties. For information about rabies and what to do if you think you&#8217;ve been exposed, plus tips for keeping you family and pets safe from exposure, you can read the article on our <br><a href=\"https:\/\/cumberlandhealth.org\/es\/rabid-bats\/\" style=\"color: rgb(0, 102, 204);\">P\u00e1gina de noticias<\/a><\/span><\/p><p style=\"text-align:center;\">O lea el comunicado de prensa original en el sitio web de IDPH en:<p><\/p><p style=\"text-align:center; font-size:large;\">\n<a href=\"https:\/\/dph.illinois.gov\/resource-center\/news\/2023\/july\/2023-7-26---illinois-department-of-public-health-urges-public-to.html\" style=\"color: rgb(0, 102, 204);\">https:\/\/dph.illinois.gov\/resource-center\/news<\/a><br><\/p>\n\n\n\n\n\n\n\n\n\n\n\n{&#8220;title&#8221;:&#8221;Recent News&#8221;,&#8221;number&#8221;:&#8221;5&#8243;}\n\n\n\n\n<h3>Para ver m\u00e1s noticias y actualizaciones, haga clic aqu\u00ed<\/h3>\n\n\n\n\n\n\n\n\n\n\n\n<h5>Reuniones Mensuales de la Junta de Salud<\/h5>\n\n\n<p><br><\/p><p style=\"text-align: center;\">\n<span style=\"font-size:large;\">Las actas de la reuni\u00f3n mensual de la Junta de Salud estar\u00e1n disponibles para su descarga <a href=\"https:\/\/cumberlandhealth.org\/es\/?page_id=287\"><span style=\"color:#0066cc;\"><strong>en esta p\u00e1gina<\/strong><\/span><\/a><\/span><\/p>\n\n\n\n\n\n\n\n\n\n\n\n<h4>\u00bfQu\u00e9 servicios ofrecemos?<\/h4>\nEnvironmental Health\nNursing\nWomen, Infants, &#038; Children (WIC)<\/h6>","protected":false},"excerpt":{"rendered":"","protected":false},"author":2,"featured_media":0,"parent":0,"menu_order":0,"comment_status":"closed","ping_status":"closed","template":"","meta":{"pagelayer_contact_templates":[],"_pagelayer_content":"","footnotes":""},"class_list":["post-42","page","type-page","status-publish","hentry"],"_links":{"self":[{"href":"https:\/\/cumberlandhealth.org\/es\/wp-json\/wp\/v2\/pages\/42","targetHints":{"allow":["GET"]}}],"collection":[{"href":"https:\/\/cumberlandhealth.org\/es\/wp-json\/wp\/v2\/pages"}],"about":[{"href":"https:\/\/cumberlandhealth.org\/es\/wp-json\/wp\/v2\/types\/page"}],"author":[{"embeddable":true,"href":"https:\/\/cumberlandhealth.org\/es\/wp-json\/wp\/v2\/users\/2"}],"replies":[{"embeddable":true,"href":"https:\/\/cumberlandhealth.org\/es\/wp-json\/wp\/v2\/comments?post=42"}],"version-history":[{"count":476,"href":"https:\/\/cumberlandhealth.org\/es\/wp-json\/wp\/v2\/pages\/42\/revisions"}],"predecessor-version":[{"id":2890,"href":"https:\/\/cumberlandhealth.org\/es\/wp-json\/wp\/v2\/pages\/42\/revisions\/2890"}],"wp:attachment":[{"href":"https:\/\/cumberlandhealth.org\/es\/wp-json\/wp\/v2\/media?parent=42"}],"curies":[{"name":"wp","href":"https:\/\/api.w.org\/{rel}","templated":true}]}}