{"id":43,"date":"2023-04-10T10:41:58","date_gmt":"2023-04-10T15:41:58","guid":{"rendered":"https:\/\/cumberlandhealth.org\/about\/"},"modified":"2023-07-11T10:55:35","modified_gmt":"2023-07-11T15:55:35","slug":"septic-safety","status":"publish","type":"page","link":"https:\/\/cumberlandhealth.org\/es\/septic-safety\/","title":{"rendered":"Seguridad e Inspecci\u00f3n del Sistema S\u00e9ptico"},"content":{"rendered":"<h2>Seguridad e Inspecci\u00f3n del Sistema S\u00e9ptico<\/h2>\n\n\n\n\n\n\n\n\n\n<h6>Programa Privado de Alcantarillado<\/h6>\n<p><br><br><br><\/p>\nEl Departamento de Salud del Condado de Cumberland emite permisos de construcci\u00f3n, inspecciona la instalaci\u00f3n de sistemas de eliminaci\u00f3n de aguas residuales nuevos o renovados y realiza investigaciones de quejas. Los objetivos del programa son minimizar el riesgo de transmisi\u00f3n de enfermedades, as\u00ed como la reducci\u00f3n de las condiciones ambientales adversas creadas por la eliminaci\u00f3n inadecuada de las aguas residuales dom\u00e9sticas.\n<p><br><\/p>\nAntes de que se pueda instalar un sistema privado de eliminaci\u00f3n de aguas residuales en el Condado de Cumberland, se debe presentar al Departamento de Salud una Solicitud de Permiso para Instalar un Sistema Privado de Alcantarillado y la tarifa correspondiente para su aprobaci\u00f3n. Si el sistema descarga a la superficie, se debe completar la Declaraci\u00f3n de No Descarga a las Aguas de los Estados Unidos (Not Discharging to the Waters of the United States Attestation). Es responsabilidad del solicitante notificar al departamento de salud un m\u00ednimo de 48 horas antes de la instalaci\u00f3n.\n\n\n\n\n\n<h6>\u00bfQui\u00e9n puede instalar un Sistema Privado de Eliminaci\u00f3n de Aguas Residuales?<\/h6>\n<p><br><\/p>\n<strong>Contratistas de instalaci\u00f3n de sistemas privados de eliminaci\u00f3n de aguas residuales con licencia:<\/strong> El Departamento de Salud del Condado de Cumberland mantiene una lista de contratistas de instalaci\u00f3n autorizados que se han registrado en el Departamento de Salud. El Departamento de Salud P\u00fablica de Illinois tambi\u00e9n mantiene una base de datos de b\u00fasqueda de licenciatarios de aguas residuales privadas con una licencia activa.\n<p><br><\/p>\n<strong>Propietarios de viviendas:<\/strong> A una persona que sea propietaria y ocupe una vivienda unifamiliar se le podr\u00e1 otorgar un permiso, siempre que presente la correspondiente solicitud de aprobaci\u00f3n y cumpla con las disposiciones necesarias. Cualquier construcci\u00f3n o excavaci\u00f3n realizada por cualquier persona que no sea la persona que posee y ocupa una vivienda unifamiliar deber\u00e1 ser realizada por un contratista de instalaci\u00f3n de sistema de eliminaci\u00f3n de aguas residuales privado con licencia o una persona bajo la supervisi\u00f3n directa de un contratista de instalaci\u00f3n de eliminaci\u00f3n de aguas residuales privado con licencia.\n\n\n\n\n\n\n\n\n\n\n\n<h5>IL PART 905 C\u00d3DIGO DE EVACUACI\u00d3N DE AGUAS RESIDUALES PRIVADAS<\/h5>\n<h6>https:\/\/www.ilga.gov<\/h6>","protected":false},"excerpt":{"rendered":"","protected":false},"author":2,"featured_media":0,"parent":0,"menu_order":0,"comment_status":"closed","ping_status":"closed","template":"","meta":{"pagelayer_contact_templates":[],"_pagelayer_content":"","footnotes":""},"class_list":["post-43","page","type-page","status-publish","hentry"],"_links":{"self":[{"href":"https:\/\/cumberlandhealth.org\/es\/wp-json\/wp\/v2\/pages\/43","targetHints":{"allow":["GET"]}}],"collection":[{"href":"https:\/\/cumberlandhealth.org\/es\/wp-json\/wp\/v2\/pages"}],"about":[{"href":"https:\/\/cumberlandhealth.org\/es\/wp-json\/wp\/v2\/types\/page"}],"author":[{"embeddable":true,"href":"https:\/\/cumberlandhealth.org\/es\/wp-json\/wp\/v2\/users\/2"}],"replies":[{"embeddable":true,"href":"https:\/\/cumberlandhealth.org\/es\/wp-json\/wp\/v2\/comments?post=43"}],"version-history":[{"count":50,"href":"https:\/\/cumberlandhealth.org\/es\/wp-json\/wp\/v2\/pages\/43\/revisions"}],"predecessor-version":[{"id":1114,"href":"https:\/\/cumberlandhealth.org\/es\/wp-json\/wp\/v2\/pages\/43\/revisions\/1114"}],"wp:attachment":[{"href":"https:\/\/cumberlandhealth.org\/es\/wp-json\/wp\/v2\/media?parent=43"}],"curies":[{"name":"wp","href":"https:\/\/api.w.org\/{rel}","templated":true}]}}