{"id":44,"date":"2023-04-07T15:11:48","date_gmt":"2023-04-07T20:11:48","guid":{"rendered":"https:\/\/cumberlandhealth.org\/contact\/"},"modified":"2025-08-19T16:35:16","modified_gmt":"2025-08-19T21:35:16","slug":"contact","status":"publish","type":"page","link":"https:\/\/cumberlandhealth.org\/es\/contact\/","title":{"rendered":"Informaci\u00f3n de contacto"},"content":{"rendered":"<h2>Informaci\u00f3n de contacto<\/h2>\n\n\n\n\n\n\n\n\n\n\n\n\n\n<h4>Directorio del Personal<\/h4>\n\n\n<p style=\"text-align: center;\"><strong><span style=\"font-size:large;\">Administrador del Departamento de Salud del Condado de Cumberland<\/span>\n<\/strong><\/p>\n<\/span><p style=\"text-align: center;\">Sheri Drotor<\/p>\n<p style=\"text-align: center;\"><em><a href=\"mailto:shd@cumberlandhealth.org\"><p style=\"text-align: center;\"><em><span style=\"color:#0066cc;\">shd@cumberlandhealth.org<\/span><\/em><\/a><\/p>\n<p style=\"text-align: center;\">217-849-3211<\/p>\n\n\n\n\n<p style=\"text-align: center;\"><strong><span style=\"font-size:large;\">Directora de Enfermer\u00eda<\/span>\n<\/strong><\/p>\n<\/span><p style=\"text-align: center;\">Amanda Dust, RN<\/p>\n<p style=\"text-align: center;\"><em><a href=\"mailto:adrn@cumberlandhealth.org\"><p style=\"text-align: center;\"><em><span style=\"color:#0066cc;\">adrn@cumberlandhealth.org<\/span><\/em><\/a><\/p>\n<p style=\"text-align: center;\">217-849-3211 Ext. 221<\/p>\n\n\n<p style=\"text-align: center;\"><strong><span style=\"font-size:large;\">Director de RRHH<\/span>\n<\/strong><\/p>\n<p style=\"text-align: center;\">Cindy Hanley<\/p>\n<p style=\"text-align: center;\"><em><a href=\"mailto:cdh@cumberlandhealth.org\"><\/a><\/em><\/p><p style=\"text-align: center;\"><a href=\"mailto:cdh@cumberlandhealth.org\"><em><span style=\"color:#0066cc;\">cdh@cumberlandhealth.org<\/span><\/em><\/a><\/p>\n<p style=\"text-align: center;\">217-849-3211 Ext. 235<\/p>\n\n\n\n\n<p style=\"text-align: center;\"><strong><span style=\"font-size:large;\">Salud Ambiental<\/span>\n<\/strong><\/p>\n<p style=\"text-align: center;\">David Clark<\/p>\n<p style=\"text-align: center;\"><em><a href=\"mailto:dclark@cumberlandhealth.org\"><p style=\"text-align: center;\"><span style=\"color:#0066cc;\">dclark@cumberlandhealth.org<\/span><\/em><\/a><\/p>\n<p style=\"text-align: center;\"><em><\/em><\/p><p style=\"text-align: center;\"><\/p><p><\/p>\n<p style=\"text-align: center;\">217-849-3211 Ext. 225<\/p>\n\n\n<p style=\"text-align: center;\"><strong><span style=\"font-size:large;\">Enfermera de Salud P\u00fablica<\/span>\n<\/strong><\/p>\n<\/span><p style=\"text-align: center;\">Donnelle Darling, LPN<\/p>\n<p style=\"text-align: center;\"><em><a href=\"mailto:ddlpn@cumberlandhealth.org\"><p style=\"text-align: center;\"><span style=\"color:#0066cc;\">ddlpn@cumberlandhealth.org<\/span><\/em><\/a><\/p>\n<p style=\"text-align: center;\">217-849-3211 Ext. 234<\/p>\n\n\n\n\n<p style=\"text-align: center;\"><strong><span style=\"font-size:large;\">Oficinista WIC<\/span>\n<\/strong><\/p>\n<\/span><p style=\"text-align: center;\">Angie Potter, AAS<\/p>\n<p style=\"text-align: center;\"><em><a href=\"mailto:adp@cumberlandhealth.org\"><p style=\"text-align: center;\"><span style=\"color:#0066cc;\">adp@cumberlandhealth.org<\/span><\/em><\/a><\/p>\n<p style=\"text-align: center;\">217-849-3211 Ext. 237<\/p>\n\n\n<p style=\"text-align: center;\"><strong><span style=\"font-size:large;\">Enfermera WIC<\/span>\n<\/strong><\/p>\n<\/span><p style=\"text-align: center;\">Amanda Dust, RN<\/p>\n<p style=\"text-align: center;\"><em><a href=\"mailto:adrn@cumberlandhealth.org\"><p style=\"text-align: center;\"><em><span style=\"color:#0066cc;\">adrn@cumberlandhealth.org<\/span><\/em><\/a><\/p>\n<p style=\"text-align: center;\">217-849-3211 Ext. 221<\/p>\n\n\n\n\n<h6>Informaci\u00f3n de contacto<\/h6>\n\n\n\n\n\n<h6>Utilice el enlace de correo electr\u00f3nico a la izquierda o llame a la oficina si tiene preguntas o quejas. Incluya su informaci\u00f3n de contacto para que el miembro del personal correspondiente pueda contactarle y obtener m\u00e1s informaci\u00f3n.<\/h6>\n\n\n\n\n200 Indiana St, Toledo, IL 62468","protected":false},"excerpt":{"rendered":"","protected":false},"author":2,"featured_media":0,"parent":0,"menu_order":0,"comment_status":"closed","ping_status":"closed","template":"","meta":{"pagelayer_contact_templates":[],"_pagelayer_content":"","footnotes":""},"class_list":["post-44","page","type-page","status-publish","hentry"],"_links":{"self":[{"href":"https:\/\/cumberlandhealth.org\/es\/wp-json\/wp\/v2\/pages\/44","targetHints":{"allow":["GET"]}}],"collection":[{"href":"https:\/\/cumberlandhealth.org\/es\/wp-json\/wp\/v2\/pages"}],"about":[{"href":"https:\/\/cumberlandhealth.org\/es\/wp-json\/wp\/v2\/types\/page"}],"author":[{"embeddable":true,"href":"https:\/\/cumberlandhealth.org\/es\/wp-json\/wp\/v2\/users\/2"}],"replies":[{"embeddable":true,"href":"https:\/\/cumberlandhealth.org\/es\/wp-json\/wp\/v2\/comments?post=44"}],"version-history":[{"count":49,"href":"https:\/\/cumberlandhealth.org\/es\/wp-json\/wp\/v2\/pages\/44\/revisions"}],"predecessor-version":[{"id":2579,"href":"https:\/\/cumberlandhealth.org\/es\/wp-json\/wp\/v2\/pages\/44\/revisions\/2579"}],"wp:attachment":[{"href":"https:\/\/cumberlandhealth.org\/es\/wp-json\/wp\/v2\/media?parent=44"}],"curies":[{"name":"wp","href":"https:\/\/api.w.org\/{rel}","templated":true}]}}