{"id":9,"date":"2023-04-18T09:40:03","date_gmt":"2023-04-18T14:40:03","guid":{"rendered":"https:\/\/cumberlandhealth.org\/?page_id=9"},"modified":"2025-08-20T19:23:03","modified_gmt":"2025-08-21T00:23:03","slug":"covid-19-resources","status":"publish","type":"page","link":"https:\/\/cumberlandhealth.org\/es\/covid-19-resources\/","title":{"rendered":"Recursos COVID-19"},"content":{"rendered":"<h2>Recursos COVID-19<\/h2>\n\n\n\n\n\n\n\n\n\n\n\n\n\n<h4>Informaci\u00f3n sobre la Vacuna<\/h4>\n\n\n<p><br><\/p>\nInformaci\u00f3n de fecha y hora que se enumerar\u00e1 aqu\u00ed\n<p><br><\/p>\n<span style=\"color:#e60000;\"><strong>To find other locations to get a vaccine near you, visit: &#038;nbsp  <\/strong><\/span> <span style=\"color:#0066cc;\"><a href=\"https:\/\/www.vaccines.gov\/\" style=\"color: rgb(0, 102, 204);\"><strong>https:\/\/www.vaccines.gov\/<\/strong><\/a><\/span>\n\n\n\n\n\n\n\n\n\n\n\n<h6>Pruebas R\u00e1pidas de Covid-19<\/h6>\n\n\n<p><br><\/p>\nNuestro horario actual para las pruebas r\u00e1pidas de COVID-19 es el lunes y el mi\u00e9rcoles de 13:00 a 16:30 horas. Este horario puede cambiar durante las semanas de vacaciones.\n<p><br><\/p>\nEntrar\u00e1 por la puerta del laboratorio en el lado sur de nuestra oficina para la prueba. Por favor, toca el timbre cuando llegues.\n<p><br><\/p>\nConsulte nuestra p\u00e1gina de Facebook para ver los cambios de horario debido a las horas de vacaciones.\n\n\n\n\n\n\n\n\n\n\n\n<h6>Otros recursos<\/h6>\n\n\n<p><br><\/p>\n<p style=\"text-align: center\">P\u00e1gina de Recursos COVID-19 del Departamento de Salud P\u00fablica de Illinois: \n<\/p><p><br><\/p>\n<p style=\"text-align: center\"><strong><a href=\"https:\/\/dph.illinois.gov\/covid19.html\" style=\"color: #0066cc;\">https:\/\/dph.illinois.gov\/covid19.html<\/a><\/strong><\/p>\n<p><br><\/p>\n<p style=\"text-align: center\">P\u00e1gina de informaci\u00f3n sobre COVID-19 de los Centros para el Control de Enfermedades:<\/p>\n<p><br><\/p>\n<p style=\"text-align: center\"><strong><a href=\"https:\/\/www.cdc.gov\/coronavirus\/2019-ncov\/index.html\" style=\"color: rgb(0, 102, 204);\">https:\/\/www.cdc.gov\/coronavirus\/2019-ncov\/index.html<\/a><\/strong><\/p><p><br><\/p>\n<p style=\"text-align: center\">IDPH COVID-19 Mapa a nivel comunitario:<\/p>\n<p><br><\/p>\n<p style=\"text-align: center\"><strong><a href=\"https:\/\/dph.illinois.gov\/covid19\/data\/community-level.html\" style=\"color: rgb(0, 102, 204);\">https:\/\/dph.illinois.gov\/covid19\/data\/community-level.html<\/a><\/strong><\/p>\n<p><br><\/p>","protected":false},"excerpt":{"rendered":"","protected":false},"author":2,"featured_media":0,"parent":0,"menu_order":0,"comment_status":"closed","ping_status":"closed","template":"","meta":{"pagelayer_contact_templates":[],"_pagelayer_content":"","footnotes":""},"class_list":["post-9","page","type-page","status-publish","hentry"],"_links":{"self":[{"href":"https:\/\/cumberlandhealth.org\/es\/wp-json\/wp\/v2\/pages\/9","targetHints":{"allow":["GET"]}}],"collection":[{"href":"https:\/\/cumberlandhealth.org\/es\/wp-json\/wp\/v2\/pages"}],"about":[{"href":"https:\/\/cumberlandhealth.org\/es\/wp-json\/wp\/v2\/types\/page"}],"author":[{"embeddable":true,"href":"https:\/\/cumberlandhealth.org\/es\/wp-json\/wp\/v2\/users\/2"}],"replies":[{"embeddable":true,"href":"https:\/\/cumberlandhealth.org\/es\/wp-json\/wp\/v2\/comments?post=9"}],"version-history":[{"count":18,"href":"https:\/\/cumberlandhealth.org\/es\/wp-json\/wp\/v2\/pages\/9\/revisions"}],"predecessor-version":[{"id":2593,"href":"https:\/\/cumberlandhealth.org\/es\/wp-json\/wp\/v2\/pages\/9\/revisions\/2593"}],"wp:attachment":[{"href":"https:\/\/cumberlandhealth.org\/es\/wp-json\/wp\/v2\/media?parent=9"}],"curies":[{"name":"wp","href":"https:\/\/api.w.org\/{rel}","templated":true}]}}